{"id":437,"date":"2022-01-23T17:25:58","date_gmt":"2022-01-23T16:25:58","guid":{"rendered":"http:\/\/localhost\/f8\/?page_id=437"},"modified":"2023-07-05T18:53:06","modified_gmt":"2023-07-05T16:53:06","slug":"datenschutzerklaerung-2","status":"publish","type":"page","link":"https:\/\/freudgymnasium.at\/site\/allgemeines\/datenschutzerklaerung-2\/","title":{"rendered":"Datenschutzerkl\u00e4rung"},"content":{"rendered":"\n<h2 class=\"wp-block-heading\">Erkl\u00e4rung zur Informationspflicht<\/h2>\n\n\n\n<p>Der Schutz Ihrer pers\u00f6nlichen Daten ist uns ein besonderes Anliegen. Wir verarbeiten Ihre Daten daher ausschlie\u00dflich auf Grundlage der gesetzlichen Bestimmungen (DSGVO, TKG 2003). In diesen Datenschutzinformationen informieren wir Sie \u00fcber die wichtigsten Aspekte der Datenverarbeitung im Rahmen unserer Website.&nbsp;<\/p>\n\n\n\n<h2 class=\"wp-block-heading\">Informationsrechte gem\u00e4\u00df Artikel 13 DSGVO<\/h2>\n\n\n\n<p>Um Ihre Informationsrechte gem\u00e4\u00df Artikel 13 der DSGVO zu wahren, verweisen wir auf den folgenden Link:&nbsp;<a href=\"https:\/\/bildung.bmbwf.gv.at\/schulen\/datenschutz\/index.html\" target=\"_blank\" rel=\"noreferrer noopener\">https:\/\/bildung.bmbwf.gv.at\/schulen\/datenschutz\/index.html<\/a>&nbsp;&nbsp;<\/p>\n\n\n\n<h2 class=\"wp-block-heading\">Kontakt mit uns<\/h2>\n\n\n\n<p>Wenn Sie per E-Mail Kontakt mit uns aufnehmen, werden Ihre angegebenen Daten zwecks Bearbeitung der Anfrage und f\u00fcr den Fall von Anschlussfragen sechs Monate bei uns gespeichert. Diese Daten geben wir nicht ohne Ihre Einwilligung weiter.&nbsp;<\/p>\n\n\n\n<h2 class=\"wp-block-heading\">Cookies<\/h2>\n\n\n\n<p>Unsere Website verwendet so genannte Cookies. Dabei handelt es sich um kleine Textdateien, die mit Hilfe des Browsers auf Ihrem Endger\u00e4t abgelegt werden. Sie richten keinen Schaden an.<\/p>\n\n\n\n<p>Wir nutzen Cookies dazu, unser Angebot nutzerfreundlich zu gestalten. Einige Cookies bleiben auf Ihrem Endger\u00e4t gespeichert, bis Sie diese l\u00f6schen. Sie erm\u00f6glichen es uns, Ihren Browser beim n\u00e4chsten Besuch wiederzuerkennen.<\/p>\n\n\n\n<p>Wenn Sie dies nicht w\u00fcnschen, so k\u00f6nnen Sie Ihren Browser so einrichten, dass er Sie \u00fcber das Setzen von Cookies informiert und Sie dies nur im Einzelfall erlauben.<\/p>\n\n\n\n<p>Bei der Deaktivierung von Cookies kann die Funktionalit\u00e4t unserer Website eingeschr\u00e4nkt sein.<\/p>\n\n\n\n<h3 class=\"wp-block-heading\">Cookies von&nbsp;Drittanbietern<\/h3>\n\n\n\n<p>Beim Aufrufen von einigen Seiten&nbsp;unserer Website werden Cookies von folgenden&nbsp;Drittanbietern gesetzt:<\/p>\n\n\n\n<ul class=\"wp-block-list\">\n<li>Seiten&nbsp;mit Foto-Galerien: Cookies von&nbsp;<a href=\"https:\/\/privacy.microsoft.com\/de-de\/privacystatement\" target=\"_blank\" rel=\"noreferrer noopener\">Microsoft (Datenschutzerkl\u00e4rung)<\/a>:&nbsp;&nbsp;<a href=\"https:\/\/sway.com\/\" target=\"_blank\" rel=\"noreferrer noopener\">https:\/\/sway.com<\/a>&nbsp;und&nbsp;<a href=\"https:\/\/login.microsoftonline.com\/\" target=\"_blank\" rel=\"noreferrer noopener\">https:\/\/login.microsoftonline.com<\/a><\/li>\n\n\n\n<li>Wir betten unsere eigenen YouTube-Videos im erweiterten Datenschutzmodus (https:\/\/www.youtube-nocookie.com) auf unserer Webseite ein.<br><\/li>\n<\/ul>\n\n\n\n<h2 class=\"wp-block-heading\">Ihre Rechte<\/h2>\n\n\n\n<p>Ihnen stehen grunds\u00e4tzlich die Rechte auf Auskunft, Berichtigung, L\u00f6schung, Einschr\u00e4nkung, Daten\u00fcbertragbarkeit, Widerruf und Widerspruch zu. Wenn Sie glauben, dass die Verarbeitung Ihrer Daten gegen das Datenschutzrecht verst\u00f6\u00dft oder Ihre datenschutzrechtlichen Anspr\u00fcche sonst in einer Weise verletzt worden sind, k\u00f6nnen Sie sich bei der Aufsichtsbeh\u00f6rde beschweren. In \u00d6sterreich ist dies die Datenschutzbeh\u00f6rde.&nbsp;<\/p>\n\n\n\n<p>Sie erreichen uns unter folgenden Kontaktdaten:<\/p>\n\n\n\n<p>Sigmund-Freud-Gymnasium<br>Gymnasium und Realgymnasium des Bundes<\/p>\n\n\n\n<p>Wohlmutstra\u00dfe 3, 1020 Wien<\/p>\n\n\n\n<p>Telefon Sekretariat: <a href=\"tel:+4317280192\">(01) 728 01 92<\/a><\/p>\n\n\n\n<p>Direktion:&nbsp;<a href=\"mailto:dion1.grg2wohl@902026.bildung-wien.gv.at\">dion1.grg2wohl@902026.bildung-wien.gv.at<\/a>&nbsp; &nbsp;<br>Sekretariat:&nbsp;<a href=\"mailto:sek1.grg2wohl@902026.bildung-wien.gv.at\">sek1.grg2wohl@902026.bildung-wien.gv.at<\/a><\/p>\n\n\n\n<h2 class=\"wp-block-heading\">Webmaster<\/h2>\n\n\n\n<p>Bei Fragen (ausschlie\u00dflich) zur Webseite kontaktieren Sie bitte unser IKT- und \u00d6ffentlichkeitsarbeitteam:&nbsp;<a href=\"mailto:homepage@freudgymnasium.at\">homepage@freudgymnasium.at<\/a><\/p>\n","protected":false},"excerpt":{"rendered":"<p>Erkl\u00e4rung zur Informationspflicht Der Schutz Ihrer pers\u00f6nlichen Daten ist uns ein besonderes Anliegen. Wir verarbeiten Ihre Daten daher ausschlie\u00dflich auf Grundlage der gesetzlichen Bestimmungen (DSGVO, TKG 2003). In diesen Datenschutzinformationen informieren wir Sie \u00fcber die wichtigsten Aspekte der Datenverarbeitung im Rahmen unserer Website.&nbsp; Informationsrechte gem\u00e4\u00df Artikel 13 DSGVO Um Ihre Informationsrechte gem\u00e4\u00df Artikel 13 der [&hellip;]<\/p>\n","protected":false},"author":1,"featured_media":0,"parent":684,"menu_order":0,"comment_status":"closed","ping_status":"closed","template":"","meta":{"footnotes":""},"class_list":["post-437","page","type-page","status-publish","hentry"],"_links":{"self":[{"href":"https:\/\/freudgymnasium.at\/site\/wp-json\/wp\/v2\/pages\/437","targetHints":{"allow":["GET"]}}],"collection":[{"href":"https:\/\/freudgymnasium.at\/site\/wp-json\/wp\/v2\/pages"}],"about":[{"href":"https:\/\/freudgymnasium.at\/site\/wp-json\/wp\/v2\/types\/page"}],"author":[{"embeddable":true,"href":"https:\/\/freudgymnasium.at\/site\/wp-json\/wp\/v2\/users\/1"}],"replies":[{"embeddable":true,"href":"https:\/\/freudgymnasium.at\/site\/wp-json\/wp\/v2\/comments?post=437"}],"version-history":[{"count":1,"href":"https:\/\/freudgymnasium.at\/site\/wp-json\/wp\/v2\/pages\/437\/revisions"}],"predecessor-version":[{"id":2346,"href":"https:\/\/freudgymnasium.at\/site\/wp-json\/wp\/v2\/pages\/437\/revisions\/2346"}],"up":[{"embeddable":true,"href":"https:\/\/freudgymnasium.at\/site\/wp-json\/wp\/v2\/pages\/684"}],"wp:attachment":[{"href":"https:\/\/freudgymnasium.at\/site\/wp-json\/wp\/v2\/media?parent=437"}],"curies":[{"name":"wp","href":"https:\/\/api.w.org\/{rel}","templated":true}]}}