{"id":435,"date":"2022-01-23T17:21:51","date_gmt":"2022-01-23T16:21:51","guid":{"rendered":"http:\/\/localhost\/f8\/?page_id=435"},"modified":"2022-01-23T17:21:51","modified_gmt":"2022-01-23T16:21:51","slug":"impressum","status":"publish","type":"page","link":"https:\/\/freudgymnasium.at\/site\/allgemeines\/impressum\/","title":{"rendered":"Impressum"},"content":{"rendered":"\n<h2 class=\"wp-block-heading\">Medieninhaber<\/h2>\n\n\n\n<p>Sigmund-Freud-Gymnasium<\/p>\n\n\n\n<p>Gymnasium und Realgymnasium des Bundes<\/p>\n\n\n\n<p>Wohlmutstra\u00dfe 3, 1020 Wien<\/p>\n\n\n\n<p>Telefon: (01) 728 01 92&nbsp;<\/p>\n\n\n\n<p>Direktorin: Mag. Theresia \u00dcbelh\u00f6r<\/p>\n\n\n\n<p>Kontakt: <a href=\"mailto:direktion@freudgymnasium.at\">direktion@freudgymnasium.at<\/a><\/p>\n\n\n\n<h2 class=\"wp-block-heading\">Konzeption, Design &amp; Programmierung<\/h2>\n\n\n\n<p>IKT- und \u00d6ffentlichkeitsarbeitsteam<\/p>\n\n\n\n<h2 class=\"wp-block-heading\">Offenlegung gem. \u00a7 25 (4) Mediengesetz<\/h2>\n\n\n\n<p>Diese Website soll der \u00d6ffentlichkeit Informationen und Materialien \u00fcber das Sigmund-Freud-Gymnasium bereitstellen. Wenn wir Kenntnis \u00fcber Fehler oder Irrt\u00fcmer erhalten, werden wir versuchen, diese zu berichtigen.<\/p>\n\n\n\n<h3 class=\"wp-block-heading\">Haftungsausschluss<\/h3>\n\n\n\n<p>Alle Informationen wurden mit gr\u00f6\u00dftm\u00f6glicher Sorgfalt zusammengestellt, jedoch kann f\u00fcr Inhalt und Richtigkeit keine Gew\u00e4hr \u00fcbernommen werden. Jegliche Haftung betreffend Links zu anderen Webseiten und die Richtigkeit und Aktualit\u00e4t der enthaltenen Angaben sowie f\u00fcr Datenverlust oder andere technische Beeintr\u00e4chtigungen, die beim Betrachten oder Herunterladen von Daten dieser Website entstehen k\u00f6nnen, ist ausgeschlossen.<\/p>\n\n\n\n<p>\u00a9 2023. Alle Rechte vorbehalten. Der Medieninhaber gestattet die \u00dcbernahme von Dateien dieser Website nur f\u00fcr den privaten Gebrauch. Die \u00dcbernahme und Nutzung der Daten zu anderen Zwecken bedarf der vorhergehenden schriftlichen Zustimmung des Medieninhabers.<\/p>\n\n\n\n<p>Bitte beachten Sie, dass die Logos unserer Partner urheberrechtlich gesch\u00fctzt sind.<\/p>\n","protected":false},"excerpt":{"rendered":"<p>Medieninhaber Sigmund-Freud-Gymnasium Gymnasium und Realgymnasium des Bundes Wohlmutstra\u00dfe 3, 1020 Wien Telefon: (01) 728 01 92&nbsp; Direktorin: Mag. Theresia \u00dcbelh\u00f6r Kontakt: direktion@freudgymnasium.at Konzeption, Design &amp; Programmierung IKT- und \u00d6ffentlichkeitsarbeitsteam Offenlegung gem. \u00a7 25 (4) Mediengesetz Diese Website soll der \u00d6ffentlichkeit Informationen und Materialien \u00fcber das Sigmund-Freud-Gymnasium bereitstellen. Wenn wir Kenntnis \u00fcber Fehler oder Irrt\u00fcmer erhalten, [&hellip;]<\/p>\n","protected":false},"author":1,"featured_media":0,"parent":684,"menu_order":0,"comment_status":"closed","ping_status":"closed","template":"","meta":{"footnotes":""},"class_list":["post-435","page","type-page","status-publish","hentry"],"_links":{"self":[{"href":"https:\/\/freudgymnasium.at\/site\/wp-json\/wp\/v2\/pages\/435","targetHints":{"allow":["GET"]}}],"collection":[{"href":"https:\/\/freudgymnasium.at\/site\/wp-json\/wp\/v2\/pages"}],"about":[{"href":"https:\/\/freudgymnasium.at\/site\/wp-json\/wp\/v2\/types\/page"}],"author":[{"embeddable":true,"href":"https:\/\/freudgymnasium.at\/site\/wp-json\/wp\/v2\/users\/1"}],"replies":[{"embeddable":true,"href":"https:\/\/freudgymnasium.at\/site\/wp-json\/wp\/v2\/comments?post=435"}],"version-history":[{"count":0,"href":"https:\/\/freudgymnasium.at\/site\/wp-json\/wp\/v2\/pages\/435\/revisions"}],"up":[{"embeddable":true,"href":"https:\/\/freudgymnasium.at\/site\/wp-json\/wp\/v2\/pages\/684"}],"wp:attachment":[{"href":"https:\/\/freudgymnasium.at\/site\/wp-json\/wp\/v2\/media?parent=435"}],"curies":[{"name":"wp","href":"https:\/\/api.w.org\/{rel}","templated":true}]}}