{"id":43,"date":"2021-04-01T16:11:15","date_gmt":"2021-04-01T14:11:15","guid":{"rendered":"http:\/\/localhost\/wp2\/?page_id=43"},"modified":"2021-04-01T16:11:15","modified_gmt":"2021-04-01T14:11:15","slug":"aktivitaeten","status":"publish","type":"page","link":"https:\/\/freudgymnasium.at\/site\/aktivitaeten\/","title":{"rendered":"Aktivit\u00e4ten"},"content":{"rendered":"\n<p>Hier finden Sie viele unserer Aktivit\u00e4ten. Bitte w\u00e4hlen Sie den gew\u00fcnschten Bereich aus.<\/p>\n","protected":false},"excerpt":{"rendered":"<p>Hier finden Sie viele unserer Aktivit\u00e4ten. Bitte w\u00e4hlen Sie den gew\u00fcnschten Bereich aus.<\/p>\n","protected":false},"author":1,"featured_media":0,"parent":0,"menu_order":0,"comment_status":"closed","ping_status":"closed","template":"","meta":{"footnotes":""},"class_list":["post-43","page","type-page","status-publish","hentry"],"_links":{"self":[{"href":"https:\/\/freudgymnasium.at\/site\/wp-json\/wp\/v2\/pages\/43","targetHints":{"allow":["GET"]}}],"collection":[{"href":"https:\/\/freudgymnasium.at\/site\/wp-json\/wp\/v2\/pages"}],"about":[{"href":"https:\/\/freudgymnasium.at\/site\/wp-json\/wp\/v2\/types\/page"}],"author":[{"embeddable":true,"href":"https:\/\/freudgymnasium.at\/site\/wp-json\/wp\/v2\/users\/1"}],"replies":[{"embeddable":true,"href":"https:\/\/freudgymnasium.at\/site\/wp-json\/wp\/v2\/comments?post=43"}],"version-history":[{"count":0,"href":"https:\/\/freudgymnasium.at\/site\/wp-json\/wp\/v2\/pages\/43\/revisions"}],"wp:attachment":[{"href":"https:\/\/freudgymnasium.at\/site\/wp-json\/wp\/v2\/media?parent=43"}],"curies":[{"name":"wp","href":"https:\/\/api.w.org\/{rel}","templated":true}]}}