{"id":264,"date":"2021-08-28T17:51:04","date_gmt":"2021-08-28T15:51:04","guid":{"rendered":"http:\/\/localhost\/f6\/?page_id=264"},"modified":"2025-10-09T09:34:01","modified_gmt":"2025-10-09T07:34:01","slug":"anmeldung","status":"publish","type":"page","link":"https:\/\/freudgymnasium.at\/site\/service\/anmeldung\/","title":{"rendered":"Anmeldung"},"content":{"rendered":"\n<h1 class=\"wp-block-heading\">1. Klasse<\/h1>\n\n\n\n<h2 class=\"wp-block-heading\">Anmeldung 1. Klasse AHS, Schuljahr 2026\/2027<\/h2>\n\n\n\n<p>M\u00f6chte Ihr Kind im Schuljahr 2026\/2027 eine 1. Klasse am Sigmund-Freud-Gymnasium besuchen? Dann reservieren Sie bitte im Zeitraum von\u00a0<strong>8. bis 14. J\u00e4nner 2026<\/strong> telefonisch einen\u00a0<strong>Termin<\/strong>\u00a0f\u00fcr ein\u00a0<strong>Aufnahmegespr\u00e4ch<\/strong>.<\/p>\n\n\n\n<p>Telefon Sekretariat: <a href=\"tel:+4317280192\">(01) 728 01 92<\/a> (8:00 Uhr &#8211; 15:00 Uhr)<\/p>\n\n\n\n<h3 class=\"wp-block-heading\">DLP \u2013 Dual Language Programme:<\/h3>\n\n\n\n<p>M\u00f6chten Sie Ihr Kind f\u00fcr eine DLP-Klasse anmelden? (<strong>Unterricht mit Englisch-Schwerpunkt<\/strong>)<br>In diesem Fall wird Ihr Kind zu einem zus\u00e4tzlichen Termin (<strong>ab 21. J\u00e4nner 2026<\/strong>) zu einem&nbsp;<strong>Orientierungsgespr\u00e4ch<\/strong>&nbsp;eingeladen.<br>Die&nbsp;<strong>Anmeldung<\/strong>&nbsp;selbst findet am&nbsp;<strong>12. oder am 13. Februar 2026<\/strong> statt. Die Termine werden von uns zugeteilt.<\/p>\n\n\n\n<h3 class=\"wp-block-heading\">Regelklassen ohne DLP:<\/h3>\n\n\n\n<p>Sie m\u00f6chten Ihr Kind f\u00fcr eine regul\u00e4re Klasse anmelden? Die Termine f\u00fcr das&nbsp;<strong>Anmeldegespr\u00e4ch<\/strong>&nbsp;werden von uns zugeteilt, sie finden vom&nbsp;<strong>16. bis 20. Februar 2026<\/strong> zwischen 8:00 Uhr und 16:00 Uhr statt.<\/p>\n\n\n\n<p><strong>Zus\u00e4tzlich:<\/strong><\/p>\n\n\n\n<ul class=\"wp-block-list\">\n<li>Beachten Sie bitte, dass eine Anmeldung nur an einem Schulstandort erfolgen kann.<\/li>\n\n\n\n<li>Bitte beachten Sie, dass zum aktuellen Zeitpunkt nur eine Anmeldung f\u00fcr Sch\u00fcler\/innen mit <strong>AHS-Reife<\/strong> (\u201eSehr gut\u201c oder \u201eGut\u201c in Deutsch und Mathematik) m\u00f6glich ist.<\/li>\n\n\n\n<li>Der&nbsp;<strong>Zeitpunkt des Anmeldegespr\u00e4chs<\/strong>&nbsp;innerhalb der Anmeldewoche hat&nbsp;<strong>keine Auswirkung<\/strong>&nbsp;auf eine allf\u00e4llige Reihung.<\/li>\n<\/ul>\n\n\n\n<h3 class=\"wp-block-heading\">neu ab 2024\/2025: Bewegte Klasse<\/h3>\n\n\n\n<p>Das Sigmund-Freud-Gynmasium bietet seit dem Schuljahr 2024\/2025 f\u00fcr bewegungsbegeisterte und sportinteressierte M\u00e4dchen und Buben eine Klasse mit sportlichem Schwerpunkt: \u201eBewegte Klasse \u2013 Bewegtes Lernen\u201c. Die Freude an Bewegung und Sport im Klassenverband und die St\u00e4rkung der Klassengemeinschaft durch vermehrtes koedukatives Bewegungs- und Sportangebot stehen im Vordergrund.<\/p>\n\n\n\n<p>Sch\u00fclerinnen\/Sch\u00fcler dieser Klasse besuchen dabei zus\u00e4tzlich zu den \u00fcblichen vier Stunden &#8220;Bewegung und Sport&#8221; eine Doppelstunde \u201eBewegtes Lernen &#8211; Sportklasse\u201c. Daraus ergibt sich:<\/p>\n\n\n\n<ul class=\"wp-block-list\">\n<li>eine t\u00e4gliche Sportstunde<\/li>\n\n\n\n<li>Unverbindliche \u00dcbung &#8220;Bewegte Klasse&#8221; im Klassenverband von Buben und M\u00e4dchen<\/li>\n\n\n\n<li>vertiefte Entwicklung von Selbst-, Sozialkompetenz und Fachkompetenz durch gemeinsame sportliche Aktivit\u00e4ten<\/li>\n<\/ul>\n\n\n\n<p>Bei Interesse lesen Sie bitte das Informationsblatt &#8220;Bewegte Klasse&#8221;, zu finden unter &#8220;Downloads&#8221;.<\/p>\n\n\n\n<h3 class=\"wp-block-heading\">Anmeldeunterlagen (bitte mitbringen):<\/h3>\n\n\n\n<ul class=\"wp-block-list\">\n<li>Erhebungsblatt (erhalten Sie an der Volksschule)<\/li>\n\n\n\n<li>Schulnachricht der 4. Klasse Volksschule (Original und Kopie)<\/li>\n\n\n\n<li>Jahreszeugnis der 3. Klasse (Original)<\/li>\n\n\n\n<li>Meldezettel des Kindes<\/li>\n\n\n\n<li>gr\u00fcne Sozialversicherungskarte des Kindes (E-Card)<\/li>\n\n\n\n<li>Geburtsurkunde<\/li>\n\n\n\n<li>Staatsb\u00fcrgerschaftsnachweis (Dokument oder Reisepass)<\/li>\n\n\n\n<li>gegebenenfalls Taufschein<\/li>\n\n\n\n<li>gegebenenfalls gerichtliche Regelung der Obsorge<\/li>\n\n\n\n<li>A5-Kuvert mit Briefmarke, an die eigene Adresse adressiert<\/li>\n\n\n\n<li>Passfoto des Kindes<\/li>\n<\/ul>\n\n\n\n<h1 class=\"wp-block-heading\">2. bis 8. Klasse<\/h1>\n\n\n\n<p>Bei Interesse f\u00fcr eine Aufnahme in eine 2. bis 8. Klasse wenden Sie sich bitte per E-Mail an die Direktion. Bitte f\u00fcgen Sie einen Scan der letzten Schulnachricht bzw. des letzten Zeugnisses an. <\/p>\n\n\n\n<p>Sollte ein Schulplatz frei sein, wird von Seiten der Schule Kontakt aufgenommen. <\/p>\n\n\n\n<p>Zu Schulbeginn steht immer erst nach den Wiederholungspr\u00fcfungen fest, ob Schulpl\u00e4tze frei sind.&nbsp;Erst dann&nbsp;ist die&nbsp;genaue Gr\u00f6\u00dfe der einzelnen Klassen bekannt und es kann \u00fcber eine eventuelle Aufnahme entschieden werden.<\/p>\n","protected":false},"excerpt":{"rendered":"<p>1. Klasse Anmeldung 1. Klasse AHS, Schuljahr 2026\/2027 M\u00f6chte Ihr Kind im Schuljahr 2026\/2027 eine 1. Klasse am Sigmund-Freud-Gymnasium besuchen? Dann reservieren Sie bitte im Zeitraum von\u00a08. bis 14. J\u00e4nner 2026 telefonisch einen\u00a0Termin\u00a0f\u00fcr ein\u00a0Aufnahmegespr\u00e4ch. Telefon Sekretariat: (01) 728 01 92 (8:00 Uhr &#8211; 15:00 Uhr) DLP \u2013 Dual Language Programme: M\u00f6chten Sie Ihr Kind f\u00fcr [&hellip;]<\/p>\n","protected":false},"author":1,"featured_media":0,"parent":40,"menu_order":0,"comment_status":"closed","ping_status":"closed","template":"","meta":{"footnotes":""},"class_list":["post-264","page","type-page","status-publish","hentry"],"_links":{"self":[{"href":"https:\/\/freudgymnasium.at\/site\/wp-json\/wp\/v2\/pages\/264","targetHints":{"allow":["GET"]}}],"collection":[{"href":"https:\/\/freudgymnasium.at\/site\/wp-json\/wp\/v2\/pages"}],"about":[{"href":"https:\/\/freudgymnasium.at\/site\/wp-json\/wp\/v2\/types\/page"}],"author":[{"embeddable":true,"href":"https:\/\/freudgymnasium.at\/site\/wp-json\/wp\/v2\/users\/1"}],"replies":[{"embeddable":true,"href":"https:\/\/freudgymnasium.at\/site\/wp-json\/wp\/v2\/comments?post=264"}],"version-history":[{"count":10,"href":"https:\/\/freudgymnasium.at\/site\/wp-json\/wp\/v2\/pages\/264\/revisions"}],"predecessor-version":[{"id":3379,"href":"https:\/\/freudgymnasium.at\/site\/wp-json\/wp\/v2\/pages\/264\/revisions\/3379"}],"up":[{"embeddable":true,"href":"https:\/\/freudgymnasium.at\/site\/wp-json\/wp\/v2\/pages\/40"}],"wp:attachment":[{"href":"https:\/\/freudgymnasium.at\/site\/wp-json\/wp\/v2\/media?parent=264"}],"curies":[{"name":"wp","href":"https:\/\/api.w.org\/{rel}","templated":true}]}}