{"id":235,"date":"2021-08-28T17:39:23","date_gmt":"2021-08-28T15:39:23","guid":{"rendered":"http:\/\/localhost\/f6\/?page_id=235"},"modified":"2026-02-27T08:42:51","modified_gmt":"2026-02-27T07:42:51","slug":"elternverein","status":"publish","type":"page","link":"https:\/\/freudgymnasium.at\/site\/schulgemeinschaft\/elternverein\/","title":{"rendered":"Elternverein"},"content":{"rendered":"\n<p>Willkommen auf der Seite des Elternvereins des Sigmund-Freud-Gymnasiums!<\/p>\n\n\n\n<p>Der Elternverein vertritt die Interessen und Anliegen der Eltern in der Schulgemeinschaft.<\/p>\n\n\n\n<p>Unser Ziel ist es, ein positives Miteinander von Sch\u00fcler*innen, Lehrkr\u00e4ften und Eltern zu unterst\u00fctzen. Wir stehen allen Schulpartner*innen dort zur Seite, wo wir einen Beitrag f\u00fcr eine gute Lernbasis f\u00fcr alle Sch\u00fcler*innen leisten k\u00f6nnen.<\/p>\n\n\n\n<p>Eltern \/ Erziehungsberechtigte k\u00f6nnen sich gerne mit ihren Anliegen an uns wenden.<\/p>\n\n\n\n<h1 class=\"wp-block-heading\">Kontakt<\/h1>\n\n\n\n<p><a href=\"mailto:ev@freudgymnasium.at\">ev@freudgymnasium.at<\/a><\/p>\n\n\n\n<h1 class=\"wp-block-heading\">Vorstand<\/h1>\n\n\n\n<figure class=\"wp-block-table tabelleOhneRahmen\"><table><tbody><tr><td>Obmann:<\/td><td>Theodor Gaida<\/td><\/tr><tr><td>Obmann-Stellvertreterin:<\/td><td>Assimina Gouma<\/td><\/tr><tr><td>Schriftf\u00fchrerin:<\/td><td>Amsatou Andorfer-Sarr<\/td><\/tr><tr><td>Schriftf\u00fchrerin-Stellvertreterin:<\/td><td>Danielle Holzmann<\/td><\/tr><tr><td>Kassier:<\/td><td>Peter Ulrich<\/td><\/tr><tr><td>Kassier-Stellvertreterin:<\/td><td>Aynur Mendes-G\u00fclmez<\/td><\/tr><\/tbody><\/table><\/figure>\n\n\n\n<p>Die&nbsp;<a rel=\"noreferrer noopener\" href=\"https:\/\/sfg-my.sharepoint.com\/:b:\/g\/personal\/ev_freudgymnasium_at\/Eann1xHcAeZNpM7_nA1WlmUBKa7-MSBQr7h7cKRqMHrs7A?e=htqfxQ\" target=\"_blank\">Statuten<\/a>&nbsp;des Elternvereines.<\/p>\n\n\n\n<h2 class=\"wp-block-heading\">Machen Sie mit<\/h2>\n\n\n\n<p>Wir freuen uns, wenn Sie unsere Ausschusssitzungen besuchen. In diesem Rahmen werden allgemeine Fragen zur Schulorganisation und viele Themen des Schulalltages besprochen. Durch die Vernetzung f\u00e4llt es leichter, neue L\u00f6sungen zu finden und der Vorstand kann im Schulgemeinschaftsausschuss eine breite Meinung vertreten.<\/p>\n\n\n\n<p>Unsere n\u00e4chste <strong>Elternvereinssitzung<\/strong><strong>:<\/strong><\/p>\n\n\n\n<p>Die n\u00e4chste Ausschuss-Sitzung findet am <strong>Donnerstag, 23. April 2026 ab 18:30 via MS Teams<\/strong> statt. <\/p>\n\n\n\n<p><strong>Die Tagesordnung und der Link werden ca. 1 Woche vorab verschickt. Wer nicht im Mailverteiler des Elternvereins ist und Interesse an der Teilnahme hat: bitte Interesse per e-Mail an\u00a0<a href=\"mailto:ev@freudgymnasium.at\">ev@freudgymnasium.at<\/a>\u00a0bekannt geben bzw. direkt teilnehmen \u00fcber:<\/strong><\/p>\n\n\n\n<p><strong>Teilnehmen:&nbsp;<\/strong><strong><u><a rel=\"noreferrer noopener\" target=\"_blank\" href=\"https:\/\/teams.microsoft.com\/meet\/39673425380751?p=xRs2e7IiCbAVS5kWgD\">https:\/\/teams.microsoft.com\/meet\/39673425380751?p=xRs2e7IiCbAVS5kWgD<\/a><\/u><\/strong><\/p>\n\n\n\n<p><strong>Besprechungs-ID: 396 734 253 807 51<\/strong><\/p>\n\n\n\n<p><strong>Passcode: is6MG26Y<\/strong><\/p>\n\n\n\n<p><strong>Auch Eltern, die nicht als Elternvertreter*innen in der Klasse aktiv sind, sind zu unseren Sitzungen herzlich eingeladen!<\/strong><br>&nbsp;<\/p>\n\n\n\n<p><\/p>\n\n\n\n<p><\/p>\n\n\n\n<p><\/p>\n\n\n\n<h1 class=\"wp-block-heading\">Unsere T\u00e4tigkeiten<\/h1>\n\n\n\n<ul class=\"wp-block-list\">\n<li>Unterst\u00fctzung und Beratung zwischen Lehrenden-Eltern-Sch\u00fcler*innen<\/li>\n\n\n\n<li>Mitsprache im SGA<\/li>\n\n\n\n<li>finanzielle Unterst\u00fctzung auf Ansuchen bei Sprachreisen, Schikursen und Projektwochen<\/li>\n\n\n\n<li>finanzielle Unterst\u00fctzung des Schulfestes, Veranstalter des j\u00e4hrlichen Schulballes<\/li>\n\n\n\n<li>Anschaffung von Unterrichtsmitteln, Verbrauchsmaterial (z.B. Bastelmaterialien etc.) f\u00fcr das Tagesheim etc.<\/li>\n\n\n\n<li>Unterst\u00fctzung von schulinternen Projekten bzw. Investitionen<\/li>\n\n\n\n<li>Bereitstellung des Schulkopierers f\u00fcr die Sch\u00fcler*innen<\/li>\n\n\n\n<li>Unterst\u00fctzung bzw. Finanzierung von Workshops (z.B. Safer Internet, Selbstverteidigung, Back-to-School-Tage)<\/li>\n\n\n\n<li>&#8230; und vieles mehr &#8230;<\/li>\n<\/ul>\n\n\n\n<h1 class=\"wp-block-heading\">Unterst\u00fctzung<\/h1>\n\n\n\n<p>Bei Bed\u00fcrftigkeit k\u00f6nnen alle Eltern bei der Bildungsdirektion um eine finanzielle Unterst\u00fctzung ansuchen, sofern es sich um eine mindestens&nbsp;<strong>5<\/strong>-t\u00e4gige Schulveranstaltung handelt. Gibt es f\u00fcr diesen Antrag einen positiven Bescheid (bzw. wird der Antrag nur knapp aufgrund mangelnder Bed\u00fcrftigkeit abgelehnt), k\u00f6nnen die Eltern auch beim Elternverein um finanzielle Unterst\u00fctzung ansuchen.<\/p>\n\n\n\n<p>Bei k\u00fcrzeren <strong>schulbezogenen Veranstaltungen<\/strong> gibt es keine Unterst\u00fctzung der Bildungsdirektion, daher ist sie nur \u00fcber den EV m\u00f6glich.<\/p>\n\n\n\n<p>Mehr Infos zu den Unterst\u00fctzungsm\u00f6glichkeiten finden sie hier: <a href=\"https:\/\/sfg-my.sharepoint.com\/:b:\/g\/personal\/homepage_freudgymnasium_at\/EeaJDu_hDKxIpndcz-BE-EQBAE1DPPcYE3ryJaYIpffDgA?e=kzceoV\" target=\"_blank\" rel=\"noreferrer noopener\">Infoblatt Unterst\u00fctzung<\/a><\/p>\n\n\n\n<p><strong>Achtung: Unterst\u00fctzungen werden nur zahlenden Mitgliedern des Elternvereines zugesprochen, die&nbsp;Elternvereinsbeitrag einbezahlt haben!<br><\/strong>Sobald der Elternvereinsbeitrag f\u00fcr das laufende Schuljahr am Vereinskonto eingelangt ist, kann ein Antrag gestellt werden. Antr\u00e4ge von Nicht-Vereinsmitgliedern werden immer abgelehnt!<br>Bitte verwenden Sie f\u00fcr Ansuchen an den Elternverein unser Formular:&nbsp;-&gt; zum&nbsp;<a href=\"https:\/\/sfg-my.sharepoint.com\/:b:\/g\/personal\/homepage_freudgymnasium_at\/Ecp009w0lCNAhlzJC6tSATsBoE6It-tbZwgXjX5GBPHTRg?e=q8Jy7z\" target=\"_blank\" rel=\"noreferrer noopener\">Formular<\/a><\/p>\n\n\n\n<p><strong>Jahresbeitrag<\/strong><\/p>\n\n\n\n<p>Der Elternvereinsbeitrag im Schuljahr 2022\/23 betr\u00e4gt \u20ac 26,- und ist pro Familie nur ein Mal zu leisten, auch wenn mehrere Ihrer Kinder das Sigmund-Freud-Gymnasium besuchen. Wenn Geschwisterkinder eine andere Schule besuchen, zahlen Sie nur den anteiligen Beitrag bei uns ein.<br>(Ihr Jahresbeitrag: 26 durch die Anzahl Ihrer Schulkinder mal der Anzahl Ihrer Kinder im Sigmund-Freud-Gymnasium)<\/p>\n\n\n<div class=\"wp-block-image\">\n<figure class=\"aligncenter size-full\"><img loading=\"lazy\" decoding=\"async\" width=\"838\" height=\"284\" src=\"https:\/\/freudgymnasium.at\/site\/wp-content\/uploads\/2023\/04\/infoEV_Schulkinder.png\" alt=\"\" class=\"wp-image-1963\" srcset=\"https:\/\/freudgymnasium.at\/site\/wp-content\/uploads\/2023\/04\/infoEV_Schulkinder.png 838w, https:\/\/freudgymnasium.at\/site\/wp-content\/uploads\/2023\/04\/infoEV_Schulkinder-300x102.png 300w, https:\/\/freudgymnasium.at\/site\/wp-content\/uploads\/2023\/04\/infoEV_Schulkinder-768x260.png 768w\" sizes=\"auto, (max-width: 838px) 100vw, 838px\" \/><figcaption class=\"wp-element-caption\">Elternvereinsbeitrag<\/figcaption><\/figure>\n<\/div>\n\n\n<p>Unsere Bankverbindung bei der Erste Bank: IBAN&nbsp;AT50 2011 1837 5915 8600, lautend auf Elternverein des BG und BRG II.<\/p>\n\n\n\n<p>Bitte vermerken Sie bei der Einzahlung Namen+Klasse Ihres Kindes\/Ihrer Kinder bzw. welche andere Schule das Geschwisterkind besucht!<\/p>\n\n\n\n<p><strong>Wenn Sie den Jahresbeitrag einzahlen &#8230;<\/strong><\/p>\n\n\n\n<ul class=\"wp-block-list\">\n<li>sind Sie Mitglied im Elternverein und k\u00f6nnen um finanzielle Unterst\u00fctzung f\u00fcr Schulveranstaltungen, schulbezogenen Veranstaltungen ansuchen.<\/li>\n\n\n\n<li>leisten Sie einen Solidarit\u00e4tsbeitrag f\u00fcr Familien, die finanziell weniger gut gestellt sind, und erm\u00f6glichen deren Kindern die Teilnahme an Schulveranstaltungen.<\/li>\n\n\n\n<li>helfen Sie der Schule, innovative Konzepte wie z.B. Peer-Seminare, Anschaffung von Klassenlekt\u00fcren, PC\u2013Programmen usw. anbieten zu k\u00f6nnen.<\/li>\n\n\n\n<li>unterst\u00fctzen Sie einen feierlichen Abschluss f\u00fcr die Maturantinnen und Maturanten(Schulball, Maturafeier)<\/li>\n\n\n\n<li>und vieles mehr \u2026.<\/li>\n<\/ul>\n\n\n\n<p><strong>Ihr Beitrag flie\u00dft zu 100% zur Schule zur\u00fcck. Denn das Geld geh\u00f6rt Ihrem Kind und dessen Schulkolleginnen und Schulkollegen.<\/strong><\/p>\n\n\n\n<p>Ihr Elternvereins-Team<\/p>\n","protected":false},"excerpt":{"rendered":"<p>Willkommen auf der Seite des Elternvereins des Sigmund-Freud-Gymnasiums! Der Elternverein vertritt die Interessen und Anliegen der Eltern in der Schulgemeinschaft. Unser Ziel ist es, ein positives Miteinander von Sch\u00fcler*innen, Lehrkr\u00e4ften und Eltern zu unterst\u00fctzen. Wir stehen allen Schulpartner*innen dort zur Seite, wo wir einen Beitrag f\u00fcr eine gute Lernbasis f\u00fcr alle Sch\u00fcler*innen leisten k\u00f6nnen. Eltern [&hellip;]<\/p>\n","protected":false},"author":1,"featured_media":0,"parent":16,"menu_order":0,"comment_status":"closed","ping_status":"closed","template":"","meta":{"footnotes":""},"class_list":["post-235","page","type-page","status-publish","hentry"],"_links":{"self":[{"href":"https:\/\/freudgymnasium.at\/site\/wp-json\/wp\/v2\/pages\/235","targetHints":{"allow":["GET"]}}],"collection":[{"href":"https:\/\/freudgymnasium.at\/site\/wp-json\/wp\/v2\/pages"}],"about":[{"href":"https:\/\/freudgymnasium.at\/site\/wp-json\/wp\/v2\/types\/page"}],"author":[{"embeddable":true,"href":"https:\/\/freudgymnasium.at\/site\/wp-json\/wp\/v2\/users\/1"}],"replies":[{"embeddable":true,"href":"https:\/\/freudgymnasium.at\/site\/wp-json\/wp\/v2\/comments?post=235"}],"version-history":[{"count":29,"href":"https:\/\/freudgymnasium.at\/site\/wp-json\/wp\/v2\/pages\/235\/revisions"}],"predecessor-version":[{"id":3525,"href":"https:\/\/freudgymnasium.at\/site\/wp-json\/wp\/v2\/pages\/235\/revisions\/3525"}],"up":[{"embeddable":true,"href":"https:\/\/freudgymnasium.at\/site\/wp-json\/wp\/v2\/pages\/16"}],"wp:attachment":[{"href":"https:\/\/freudgymnasium.at\/site\/wp-json\/wp\/v2\/media?parent=235"}],"curies":[{"name":"wp","href":"https:\/\/api.w.org\/{rel}","templated":true}]}}