{"id":205,"date":"2021-08-28T17:22:49","date_gmt":"2021-08-28T15:22:49","guid":{"rendered":"http:\/\/localhost\/f6\/?page_id=205"},"modified":"2021-08-28T17:22:49","modified_gmt":"2021-08-28T15:22:49","slug":"pop","status":"publish","type":"page","link":"https:\/\/freudgymnasium.at\/site\/unser-angebot\/pop\/","title":{"rendered":"POP"},"content":{"rendered":"\n<p><strong>Planen-Organisieren-Pr\u00e4sentieren (POP)<\/strong> ist eines der F\u00e4cher, die an unserer Schule angeboten werden. Der Unterricht wird von jeder Sch\u00fclerin\/jedem Sch\u00fcler der 5. Klassen unserer Schule besucht. Bei Interesse kann dieses als Wahlpflichtfach &#8220;Projektmanagement&#8221; in den folgenden Jahren zweij\u00e4hrig besucht und auch zur m\u00fcndlichen Reifepr\u00fcfung gew\u00e4hlt werden.<\/p>\n\n\n\n<p>Die Bausteine, die man in POP lernt, kann man \u00fcberall einsetzen. &nbsp;Denn durch das Fach werden die Sch\u00fclerinnen und Sch\u00fcler unter anderem zu Folgendem bef\u00e4higt:<\/p>\n\n\n\n<ul class=\"wp-block-list\">\n<li>St\u00e4rkung der F\u00e4higkeit zur (Selbst-)Organisation, etwa auch in Bezug auf Lernstrategien, Umgang mit Stress<\/li>\n\n\n\n<li>St\u00e4rkung der Sozialkompetenz, vor allem in Bezug auf Teambildung<\/li>\n\n\n\n<li>St\u00e4rkung der Kommunikation und Konfliktl\u00f6sungskompetenz<\/li>\n\n\n\n<li>Kennenlernen und Anwenden von Pr\u00e4sentationstechniken<\/li>\n\n\n\n<li>Visualisieren von Arbeitsergebnissen<\/li>\n\n\n\n<li>Erproben situativer Handlungstechniken<\/li>\n<\/ul>\n\n\n\n<p>Die Themen werden oft spielerisch \u00fcbermittelt. Ein gutes Beispiel f\u00fcr Teambildung ist das sogenannte Turmbauspiel. Die Aufgabe ist es, ohne verbale Kommunikation aus Papier und Klebeband einen Turm in einer vorgeschriebenen Zeit zu bauen. Bevor die Zeit l\u00e4uft, gibt es eine kurze Besprechungszeit. Das Team mit dem h\u00f6chsten Turm gewinnt.<\/p>\n","protected":false},"excerpt":{"rendered":"<p>Planen-Organisieren-Pr\u00e4sentieren (POP) ist eines der F\u00e4cher, die an unserer Schule angeboten werden. Der Unterricht wird von jeder Sch\u00fclerin\/jedem Sch\u00fcler der 5. Klassen unserer Schule besucht. Bei Interesse kann dieses als Wahlpflichtfach &#8220;Projektmanagement&#8221; in den folgenden Jahren zweij\u00e4hrig besucht und auch zur m\u00fcndlichen Reifepr\u00fcfung gew\u00e4hlt werden. Die Bausteine, die man in POP lernt, kann man \u00fcberall [&hellip;]<\/p>\n","protected":false},"author":1,"featured_media":0,"parent":13,"menu_order":0,"comment_status":"closed","ping_status":"closed","template":"","meta":{"footnotes":""},"class_list":["post-205","page","type-page","status-publish","hentry"],"_links":{"self":[{"href":"https:\/\/freudgymnasium.at\/site\/wp-json\/wp\/v2\/pages\/205","targetHints":{"allow":["GET"]}}],"collection":[{"href":"https:\/\/freudgymnasium.at\/site\/wp-json\/wp\/v2\/pages"}],"about":[{"href":"https:\/\/freudgymnasium.at\/site\/wp-json\/wp\/v2\/types\/page"}],"author":[{"embeddable":true,"href":"https:\/\/freudgymnasium.at\/site\/wp-json\/wp\/v2\/users\/1"}],"replies":[{"embeddable":true,"href":"https:\/\/freudgymnasium.at\/site\/wp-json\/wp\/v2\/comments?post=205"}],"version-history":[{"count":0,"href":"https:\/\/freudgymnasium.at\/site\/wp-json\/wp\/v2\/pages\/205\/revisions"}],"up":[{"embeddable":true,"href":"https:\/\/freudgymnasium.at\/site\/wp-json\/wp\/v2\/pages\/13"}],"wp:attachment":[{"href":"https:\/\/freudgymnasium.at\/site\/wp-json\/wp\/v2\/media?parent=205"}],"curies":[{"name":"wp","href":"https:\/\/api.w.org\/{rel}","templated":true}]}}