{"id":203,"date":"2021-08-28T17:22:24","date_gmt":"2021-08-28T15:22:24","guid":{"rendered":"http:\/\/localhost\/f6\/?page_id=203"},"modified":"2023-04-05T11:22:34","modified_gmt":"2023-04-05T11:22:34","slug":"unverbindliche-uebungen","status":"publish","type":"page","link":"https:\/\/freudgymnasium.at\/site\/unser-angebot\/unverbindliche-uebungen\/","title":{"rendered":"Unverbindliche \u00dcbungen"},"content":{"rendered":"\n<p><strong>Unverbindliche \u00dcbungen (U\u00dc)<\/strong> sind zus\u00e4tzliche Angebote f\u00fcr Sch\u00fclerInnen. Sie finden am Nachmittag statt und werden nicht benotet. Das Angebot kann sich von Jahr zu Jahr \u00e4ndern, abh\u00e4ngig von den W\u00fcnschen und Interessen der Sch\u00fclerinnen und Sch\u00fcler.<\/p>\n\n\n\n<p>Eine Anmeldung zu den Unverbindlichen \u00dcbungen f\u00fcr die zuk\u00fcnftigen 1. Klassen erfolgt nach der vorl\u00e4ufigen Aufnahme. Sie erhalten dazu bei der Anmeldung auch ein Anmeldeformular f\u00fcr die Unverbindlichen \u00dcbungen.<\/p>\n\n\n\n<p>Die Anmeldung&nbsp;f\u00fcr die&nbsp;Sch\u00fclerinnen\/Sch\u00fcler, die bereits an unserer Schule sind, erfolgt jeweils im Februar f\u00fcr das darauffolgende Schuljahr.<\/p>\n\n\n\n<p>Zu Schulbeginn, nach Bekanntgabe des fixen Stundenplanes, besteht die M\u00f6glichkeit der Ab- bzw. Nachmeldung. Danach ist eine Abmeldung aus organisatorischen Gr\u00fcnden nicht mehr m\u00f6glich. <\/p>\n\n\n\n<h2 class=\"wp-block-heading\">Angebot an Unverbindlichen \u00dcbungen im Schuljahr 2023\/2024<\/h2>\n\n\n\n<figure class=\"wp-block-table\"><table><tbody><tr><td>Ballspiele<\/td><td style=\"min-width:150px\">1. \u2013 2. Klasse<\/td><\/tr><tr><td>Lesetraining (einst\u00fcndig)<\/td><td>1. \u2013 2. Klasse<\/td><\/tr><tr><td>F\u00f6rderung bei Lese- und Rechtschreibschw\u00e4che (einst\u00fcndig)<\/td><td>1. \u2013 3. Klasse<\/td><\/tr><tr><td>Chor<\/td><td>1. \u2013 4. Klasse<\/td><\/tr><tr><td>Deutsch als Zweitsprache (einst\u00fcndig)<\/td><td>1. \u2013 4. Klasse<\/td><\/tr><tr><td>Trendsportspiele<\/td><td>1. \u2013 4. Klasse<\/td><\/tr><tr><td>Spiele, Sport und Tanz f\u00fcr M\u00e4dchen<\/td><td>1. \u2013 4. Klasse<\/td><\/tr><tr><td>Mentales Training f\u00fcr Sch\u00fcler\/innen der Unterstufe (nur im SoSe)<\/td><td>1. \u2013 4. Klasse<\/td><\/tr><tr><td>Instrumentalensemble<\/td><td>1. \u2013 8. Klasse<\/td><\/tr><tr><td>Leichtathletik<\/td><td>3. \u2013 8. Klasse<\/td><\/tr><tr><td>Volleyball<\/td><td>5. \u2013 8. Klasse<\/td><\/tr><tr><td>Ausbildung als Buddy\/Peer-Mediator\/-in, Neuanmeldung (geblockt)<\/td><td>5. Klasse<\/td><\/tr><tr><td>Ph\u00e4nomental Genial: Mentales Training f\u00fcr Sch\u00fcler\/innen der Oberstufe (nur im WiSe)<\/td><td>5. \u2013 8. Klasse<\/td><\/tr><tr><td>IKT und \u00d6ffentlichkeitsarbeit (vierzehnt\u00e4gig)<\/td><td>5. \u2013 8. Klasse<\/td><\/tr><tr><td>Ausbildung als Peer-Mediator\/-in und Peer-Coach, Fortf\u00fchrung (geblockt)<\/td><td>6. \u2013 8. Klasse<\/td><\/tr><tr><td>Einf\u00fchrung in das wissenschaftliche Arbeiten \u2013 VWA<\/td><td>7. Klasse<\/td><\/tr><tr><td>Mathematische \u00dcbungen<\/td><td>8. Klasse<\/td><\/tr><\/tbody><\/table><\/figure>\n","protected":false},"excerpt":{"rendered":"<p>Unverbindliche \u00dcbungen (U\u00dc) sind zus\u00e4tzliche Angebote f\u00fcr Sch\u00fclerInnen. Sie finden am Nachmittag statt und werden nicht benotet. Das Angebot kann sich von Jahr zu Jahr \u00e4ndern, abh\u00e4ngig von den W\u00fcnschen und Interessen der Sch\u00fclerinnen und Sch\u00fcler. Eine Anmeldung zu den Unverbindlichen \u00dcbungen f\u00fcr die zuk\u00fcnftigen 1. Klassen erfolgt nach der vorl\u00e4ufigen Aufnahme. Sie erhalten dazu [&hellip;]<\/p>\n","protected":false},"author":1,"featured_media":0,"parent":13,"menu_order":0,"comment_status":"closed","ping_status":"closed","template":"","meta":{"footnotes":""},"class_list":["post-203","page","type-page","status-publish","hentry"],"_links":{"self":[{"href":"https:\/\/freudgymnasium.at\/site\/wp-json\/wp\/v2\/pages\/203","targetHints":{"allow":["GET"]}}],"collection":[{"href":"https:\/\/freudgymnasium.at\/site\/wp-json\/wp\/v2\/pages"}],"about":[{"href":"https:\/\/freudgymnasium.at\/site\/wp-json\/wp\/v2\/types\/page"}],"author":[{"embeddable":true,"href":"https:\/\/freudgymnasium.at\/site\/wp-json\/wp\/v2\/users\/1"}],"replies":[{"embeddable":true,"href":"https:\/\/freudgymnasium.at\/site\/wp-json\/wp\/v2\/comments?post=203"}],"version-history":[{"count":3,"href":"https:\/\/freudgymnasium.at\/site\/wp-json\/wp\/v2\/pages\/203\/revisions"}],"predecessor-version":[{"id":2061,"href":"https:\/\/freudgymnasium.at\/site\/wp-json\/wp\/v2\/pages\/203\/revisions\/2061"}],"up":[{"embeddable":true,"href":"https:\/\/freudgymnasium.at\/site\/wp-json\/wp\/v2\/pages\/13"}],"wp:attachment":[{"href":"https:\/\/freudgymnasium.at\/site\/wp-json\/wp\/v2\/media?parent=203"}],"curies":[{"name":"wp","href":"https:\/\/api.w.org\/{rel}","templated":true}]}}