{"id":201,"date":"2021-08-28T17:21:57","date_gmt":"2021-08-28T15:21:57","guid":{"rendered":"http:\/\/localhost\/f6\/?page_id=201"},"modified":"2021-08-28T17:21:57","modified_gmt":"2021-08-28T15:21:57","slug":"berufsorientierung","status":"publish","type":"page","link":"https:\/\/freudgymnasium.at\/site\/unser-angebot\/berufsorientierung\/","title":{"rendered":"BOBI"},"content":{"rendered":"\n<p><strong>BERUFS- und BILDUNGSORIENTIERUNG (BOBI)<\/strong><br>Berufs- und Bildungsinformation (BOBI) findet an unserer Schule integrativ in s\u00e4mtlichen F\u00e4chern statt. In der Unterstufe liegt in der 3. und 4. Klasse ein besonderer Schwerpunkt auf BOBI, in der Oberstufe in der 8. Klasse.<\/p>\n\n\n\n<h2 class=\"wp-block-heading\">3. und 4. Klasse (7. und 8. Schulstufe)<\/h2>\n\n\n\n<p>Zus\u00e4tzlich zu den in den Lehrpl\u00e4nen der F\u00e4cher vorgegebenen BOBI-Inhalten, finden Workshops zu folgenden Themen statt:<\/p>\n\n\n\n<ul class=\"wp-block-list\">\n<li>Interessensfindung,<\/li>\n\n\n\n<li>F\u00e4higkeitencheck,<\/li>\n\n\n\n<li>Berufs- und Bildungsm\u00f6glichkeiten,<\/li>\n\n\n\n<li>St\u00e4rken- und Schw\u00e4chenanalyse,<\/li>\n\n\n\n<li>Reflexion.<\/li>\n<\/ul>\n\n\n\n<p>Materialien und Ergebnisse dieser Workshops werden in einer BOBI-Mappe gesammelt, die von der Arbeiterkammer zur Verf\u00fcgung gestellt wird und weiteres Informationsmaterial f\u00fcr die Sch\u00fclerInnen enth\u00e4lt.<\/p>\n\n\n\n<p>Zus\u00e4tzlich finden zahlreiche Lehrausg\u00e4nge zu verschiedenen Institutionen und Veranstaltungen wie z. B. dem Berufsinformationszentrum des AMS (BIZ), der Berufsinformation der Wiener Wirtschaft (BiWi) und der L 14 statt, wo sich die Jugendlichen \u00fcber Berufs- und Ausbildungswege informieren.<\/p>\n\n\n\n<p>Schon seit einigen Jahren nimmt unsere Schule auch am <em>boysday (im November)<\/em> bzw. <em>T\u00f6chtertag (im April)<\/em> teil. Diese Initiativen finden \u00f6sterreichweit statt und sollen den M\u00e4dchen \u201etraditionelle\u201c M\u00e4nnerberufe und den Buben \u201etraditionelle\u201c Frauenberufe n\u00e4herbringen. Die Organisation eines Teilnehmerplatzes, der Kontakt mit der jeweiligen Institution sowie der Besuch am boysday bzw. T\u00f6chtertag ist bereits Teil der Berufs- und Bildungsorientierung und wird von den Sch\u00fclerInnen selbst\u00e4ndig erledigt.<\/p>\n\n\n\n<h2 class=\"wp-block-heading\">8. Klasse (12. Schulstufe)<\/h2>\n\n\n\n<p>Als Unterst\u00fctzung bei der Studienwahl bietet unsere Schule folgendes f\u00fcr die k\u00fcnftigen MaturantInnen an:<br>Besuch der BeST\u00b3 (gr\u00f6\u00dfte Bildungsmesse \u00d6sterreichs), 18Plus Workshop, Informationsveranstaltungen diverser Unis, FHs und Organisationen (z. B. Bundesheer, Polizei)<\/p>\n\n\n\n<p><\/p>\n\n\n\n<p>Begleitend dazu finden Ma\u00dfnahmen der Sch\u00fcler- und Bildungsberatung statt (z. B. Elternabende, Bildungsvortr\u00e4ge in Klassen, Berufs- und Studientag). Bei Bedarf gibt es die M\u00f6glichkeit, sich ab der 9. Schulstufe vom Jugendcoach in Einzelgespr\u00e4chen beraten zu lassen.<\/p>\n\n\n\n<p>Mag. Dominik Lippert, Mag. Irene Schweitzer<br>BOBI-Koordination<\/p>\n\n\n\n<p><\/p>\n","protected":false},"excerpt":{"rendered":"<p>BERUFS- und BILDUNGSORIENTIERUNG (BOBI)Berufs- und Bildungsinformation (BOBI) findet an unserer Schule integrativ in s\u00e4mtlichen F\u00e4chern statt. In der Unterstufe liegt in der 3. und 4. Klasse ein besonderer Schwerpunkt auf BOBI, in der Oberstufe in der 8. Klasse. 3. und 4. Klasse (7. und 8. Schulstufe) Zus\u00e4tzlich zu den in den Lehrpl\u00e4nen der F\u00e4cher vorgegebenen [&hellip;]<\/p>\n","protected":false},"author":1,"featured_media":0,"parent":13,"menu_order":0,"comment_status":"closed","ping_status":"closed","template":"","meta":{"footnotes":""},"class_list":["post-201","page","type-page","status-publish","hentry"],"_links":{"self":[{"href":"https:\/\/freudgymnasium.at\/site\/wp-json\/wp\/v2\/pages\/201","targetHints":{"allow":["GET"]}}],"collection":[{"href":"https:\/\/freudgymnasium.at\/site\/wp-json\/wp\/v2\/pages"}],"about":[{"href":"https:\/\/freudgymnasium.at\/site\/wp-json\/wp\/v2\/types\/page"}],"author":[{"embeddable":true,"href":"https:\/\/freudgymnasium.at\/site\/wp-json\/wp\/v2\/users\/1"}],"replies":[{"embeddable":true,"href":"https:\/\/freudgymnasium.at\/site\/wp-json\/wp\/v2\/comments?post=201"}],"version-history":[{"count":0,"href":"https:\/\/freudgymnasium.at\/site\/wp-json\/wp\/v2\/pages\/201\/revisions"}],"up":[{"embeddable":true,"href":"https:\/\/freudgymnasium.at\/site\/wp-json\/wp\/v2\/pages\/13"}],"wp:attachment":[{"href":"https:\/\/freudgymnasium.at\/site\/wp-json\/wp\/v2\/media?parent=201"}],"curies":[{"name":"wp","href":"https:\/\/api.w.org\/{rel}","templated":true}]}}