{"id":199,"date":"2021-08-28T17:21:22","date_gmt":"2021-08-28T15:21:22","guid":{"rendered":"http:\/\/localhost\/f6\/?page_id=199"},"modified":"2023-04-05T08:23:35","modified_gmt":"2023-04-05T08:23:35","slug":"peers-buddy","status":"publish","type":"page","link":"https:\/\/freudgymnasium.at\/site\/unser-angebot\/peers-buddy\/","title":{"rendered":"Peers\/Buddy"},"content":{"rendered":"\n<p>Die Unterstufe erh\u00e4lt von der Oberstufe Hilfe zur Selbsthilfe.<\/p>\n\n\n<div class=\"wp-block-image\">\n<figure class=\"aligncenter size-full\"><img loading=\"lazy\" decoding=\"async\" width=\"266\" height=\"277\" src=\"https:\/\/freudgymnasium.at\/site\/wp-content\/uploads\/2023\/04\/Peer-Mediation-Logo.png\" alt=\"\" class=\"wp-image-1851\"\/><\/figure>\n<\/div>\n\n\n<p>Jugendliche kommen untereinander h\u00e4ufiger und einfacher miteinander ins Gespr\u00e4ch. Gleichaltrigen erz\u00e4hlen sie leichter von Problemen und Konflikten als Lehrkr\u00e4ften.<\/p>\n\n\n\n<ul class=\"wp-block-list\">\n<li>Unsere Buddys k\u00fcmmern sich um allt\u00e4gliche Probleme.<\/li>\n\n\n\n<li>Unsere Peer Mediator:innen unterst\u00fctzen bei Konfliktl\u00f6sung.<\/li>\n\n\n\n<li>Das passiert jeweils ohne Involvierung von Erwachsenen.<\/li>\n<\/ul>\n\n\n\n<h2 class=\"wp-block-heading\">Wie profitiert mein Kind von den Buddys?<\/h2>\n\n\n\n<p>Oft f\u00fchlen sich Erstkl\u00e4ssler*innen in der neuen Schule etwas verloren und finden sich noch nicht so gut zurecht.<\/p>\n\n\n\n<ul class=\"wp-block-list\">\n<li>Ausgew\u00e4hlte F\u00fcnftkl\u00e4ssler*innen betreuen als Buddy Team je eine 1. Klasse und sind ebenb\u00fcrtige, hilfreiche Ansprechpartner*innen.<\/li>\n\n\n\n<li>Zweimal pro Woche gibt es Buddy-Pausen in denen die Klasse mit den Buddys \u00fcber alles reden kann, was sie besch\u00e4ftigt.<\/li>\n\n\n\n<li>In mehreren Buddy-Stunden tragen die Buddys mit sorgf\u00e4ltig ausgew\u00e4hlten \u00dcbungen und Spielen zur St\u00e4rkung der Klassengemeinschaft bei.<\/li>\n<\/ul>\n\n\n\n<h2 class=\"wp-block-heading\">Wie profitiert mein Kind von der Peer Mediation?<\/h2>\n\n\n\n<ul class=\"wp-block-list\">\n<li>Alle Sch\u00fcler*innen k\u00f6nnen, wenn ein Streit sie sehr belastet und alleine unl\u00f6sbar scheint, eine Streitschlichtung (=Peer Mediation) bei Mitsch\u00fcler*innen der 7. oder 8. Klasse in Anspruch nehmen.<\/li>\n\n\n\n<li>Die Peer Mediation ist eine p\u00e4dagogische Methode, um Konflikte durch Gleichaltrige aufzuarbeiten und zu l\u00f6sen.<\/li>\n\n\n\n<li>Das Ziel einer Mediation ist, dass die Konfliktparteien gemeinsam eine f\u00fcr sie passende und zufriedenstellende L\u00f6sung finden. Die Peer-Mediator*innen f\u00fchren diese nicht direkt herbei, sondern begleiten dabei.<\/li>\n<\/ul>\n\n\n\n<h2 class=\"wp-block-heading\">Wie wird man Buddy?<\/h2>\n\n\n\n<p>Die Peer Mediation ist eine Unverbindliche \u00dcbung mit drei aufeinander aufbauenden Ausbildungsstufen:<\/p>\n\n\n\n<ul class=\"wp-block-list\">\n<li>In der Oberstufe k\u00f6nnen Jugendliche zuerst Buddy, dann Peer Mediator*in und schlie\u00dflich Peer Coach werden.<\/li>\n\n\n\n<li>Jedes Ausbildungsjahr&nbsp; wird mit einem Zertifikat abgeschlossen.<\/li>\n<\/ul>\n\n\n\n<h3 class=\"wp-block-heading\">5. Klasse &#8211; Buddy:<\/h3>\n\n\n\n<ul class=\"wp-block-list\">\n<li>Betreuung einer 1. Klasse<\/li>\n\n\n\n<li>Entwicklung der Kommunikationsf\u00e4higkeit, um empathisch auf die Erkl\u00e4sser*innen eingehen zu k\u00f6nnen<\/li>\n\n\n\n<li>Erarbeitung von praxiserprobten \u00dcbungen und Spielen, um die Klassengemeinschaften zu st\u00e4rken<\/li>\n<\/ul>\n\n\n\n<h3 class=\"wp-block-heading\">6. Klasse &#8211; Peer Mediator*in:<\/h3>\n\n\n\n<ul class=\"wp-block-list\">\n<li>Betreuung einer 2. Klasse<\/li>\n\n\n\n<li>Erarbeitung und Training spezieller Gespr\u00e4chstechniken<\/li>\n\n\n\n<li>Wissensaufbau und \u00dcbung zu Ablauf und Umsetzung von Mediationen<\/li>\n<\/ul>\n\n\n\n<h3 class=\"wp-block-heading\">7. Klasse &#8211; Peer Coach:<\/h3>\n\n\n\n<ul class=\"wp-block-list\">\n<li>Betreuung einer 3. Klasse<\/li>\n\n\n\n<li>Durchf\u00fchrung von Mediationen<\/li>\n\n\n\n<li>Betreuung eines Buddy Teams der 1. Klasse<\/li>\n\n\n\n<li>Gegebenenfalls auch Einzelcoaching bei pers\u00f6nlichen Problemen in der Unterstufe, z.B. Lernorganisation, Au\u00dfenseiterrolle, \u2026<\/li>\n<\/ul>\n\n\n\n<p><\/p>\n","protected":false},"excerpt":{"rendered":"<p>Die Unterstufe erh\u00e4lt von der Oberstufe Hilfe zur Selbsthilfe. Jugendliche kommen untereinander h\u00e4ufiger und einfacher miteinander ins Gespr\u00e4ch. Gleichaltrigen erz\u00e4hlen sie leichter von Problemen und Konflikten als Lehrkr\u00e4ften. Wie profitiert mein Kind von den Buddys? Oft f\u00fchlen sich Erstkl\u00e4ssler*innen in der neuen Schule etwas verloren und finden sich noch nicht so gut zurecht. Wie profitiert [&hellip;]<\/p>\n","protected":false},"author":1,"featured_media":0,"parent":13,"menu_order":0,"comment_status":"closed","ping_status":"closed","template":"","meta":{"footnotes":""},"class_list":["post-199","page","type-page","status-publish","hentry"],"_links":{"self":[{"href":"https:\/\/freudgymnasium.at\/site\/wp-json\/wp\/v2\/pages\/199","targetHints":{"allow":["GET"]}}],"collection":[{"href":"https:\/\/freudgymnasium.at\/site\/wp-json\/wp\/v2\/pages"}],"about":[{"href":"https:\/\/freudgymnasium.at\/site\/wp-json\/wp\/v2\/types\/page"}],"author":[{"embeddable":true,"href":"https:\/\/freudgymnasium.at\/site\/wp-json\/wp\/v2\/users\/1"}],"replies":[{"embeddable":true,"href":"https:\/\/freudgymnasium.at\/site\/wp-json\/wp\/v2\/comments?post=199"}],"version-history":[{"count":1,"href":"https:\/\/freudgymnasium.at\/site\/wp-json\/wp\/v2\/pages\/199\/revisions"}],"predecessor-version":[{"id":1852,"href":"https:\/\/freudgymnasium.at\/site\/wp-json\/wp\/v2\/pages\/199\/revisions\/1852"}],"up":[{"embeddable":true,"href":"https:\/\/freudgymnasium.at\/site\/wp-json\/wp\/v2\/pages\/13"}],"wp:attachment":[{"href":"https:\/\/freudgymnasium.at\/site\/wp-json\/wp\/v2\/media?parent=199"}],"curies":[{"name":"wp","href":"https:\/\/api.w.org\/{rel}","templated":true}]}}