{"id":197,"date":"2021-08-28T17:20:47","date_gmt":"2021-08-28T15:20:47","guid":{"rendered":"http:\/\/localhost\/f6\/?page_id=197"},"modified":"2021-08-28T17:20:47","modified_gmt":"2021-08-28T15:20:47","slug":"wahlpflichtfaecher","status":"publish","type":"page","link":"https:\/\/freudgymnasium.at\/site\/unser-angebot\/wahlpflichtfaecher\/","title":{"rendered":"Wahlpflichtgegenst\u00e4nde"},"content":{"rendered":"\n<h2 class=\"wp-block-heading\">Allgemeine Informationen<\/h2>\n\n\n\n<p><strong>Wahlpflichtgegenst\u00e4nde (WPG)<\/strong> sind Pflichtgegenst\u00e4nde, die von den Sch\u00fclerinnen und Sch\u00fclern ihren Interessen und Neigungen entsprechend f\u00fcr die 6., 7. und 8. Klasse gew\u00e4hlt werden. Der Unterricht erfolgt klassen\u00fcbergreifend in Kleingruppen. Mindestens f\u00fcnf Sch\u00fclerinnen und Sch\u00fcler der 6. bis 8. Klassen m\u00fcssen sich f\u00fcr dasselbe Wahlpflichtfach entscheiden. Sch\u00fcler\/innen des <strong>Gymnasiums <\/strong>w\u00e4hlen WPG im Ausma\u00df von<strong> sechs Wochenstunden<\/strong>, jene des <strong>Realgymnasiums<\/strong> im Ausma\u00df von <strong>acht<\/strong> <strong>Wochenstunden<\/strong>. Die Sch\u00fcler\/innen erstellen in der 5. Klasse einen Plan ihrer WPG f\u00fcr die 6., 7. und 8. Klasse. Es empfiehlt sich, pro Schuljahr h\u00f6chstens zwei WPG zu w\u00e4hlen.<\/p>\n\n\n\n<p>Die Leistungsbeurteilung erfolgt auf der Notenskala von 1 bis 5, basierend auf Mitarbeit, Referaten, Pr\u00e4sentationen, Projektarbeit und schriftlichen \u00dcberpr\u00fcfungen\u00a0\u2013 jedoch ohne Schularbeiten.<\/p>\n\n\n\n<h2 class=\"wp-block-heading\">Arten von Wahlpflichtgegenst\u00e4nden<\/h2>\n\n\n\n<p><strong>Erg\u00e4nzende WPG <\/strong>(dreij\u00e4hrig zu je zwei Wochenstunden) m\u00fcssen durchg\u00e4ngig von der 6. bis zur 8. Klasse besucht werden und k\u00f6nnen bei der m\u00fcndlichen Reifepr\u00fcfung als eigenst\u00e4ndiges Pr\u00fcfungsfach gew\u00e4hlt werden.<\/p>\n\n\n\n<p><strong>Vertiefende WPG <\/strong>(ein- oder zweij\u00e4hrig zu je zwei Wochenstunden) entsprechen den Pflichtgegenst\u00e4nden der Oberstufe, behandeln allerdings erweiternde und vertiefende Stoffgebiete. Der WPG wird unabh\u00e4ngig vom Pflichtgegenstand beurteilt. Ein in der 6. Klasse gew\u00e4hlter WPG ist in der 7. Klasse fortzusetzen. Ein WPG kann bei der m\u00fcndlichen Reifepr\u00fcfung als eigenst\u00e4ndiges Pr\u00fcfungsfach gew\u00e4hlt werden, wenn er in der Oberstufe im Ausma\u00df von mindestens vier Stunden besucht wurde.<\/p>\n\n\n\n<h2 class=\"wp-block-heading\">\u00dcberbuchung<\/h2>\n\n\n\n<p>Sollte man mehr als 6 bzw. 8 Wochenstunden belegen wollen, so z\u00e4hlen&nbsp;diese \u201eMehrstunden\u201c als Freif\u00e4cher. Auch Freif\u00e4cher werden auf der&nbsp;Notenskala von 1 bis 5 bewertet. Bei der Anmeldung muss man festlegen, was Freifach und was Wahlpflichtfach ist.<\/p>\n\n\n\n<h2 class=\"wp-block-heading\">Angebotene Wahlpflichtgegenst\u00e4nde<\/h2>\n\n\n\n<ul class=\"wp-block-list\">\n<li><strong>Erg\u00e4nzende WPG<\/strong>\n<ul class=\"wp-block-list\">\n<li>Informatik (6.,7. und 8. Klasse)<\/li>\n\n\n\n<li>Italienisch (6.,7. und 8. Klasse, wenn nicht PG)<\/li>\n\n\n\n<li>Spanisch (6.,7. und 8. Klasse)<\/li>\n<\/ul>\n<\/li>\n\n\n\n<li><strong>Vertiefende WPG<\/strong>\n<ul class=\"wp-block-list\">\n<li>Astrophysik (6. und 7. Klasse <strong>oder<\/strong> nur 7. Klasse)<\/li>\n\n\n\n<li>Biologie und Sport (6. und 7. Klasse)<\/li>\n\n\n\n<li>Englisch (6. und 7. Klasse)<\/li>\n\n\n\n<li>Geographie (6. und 7. Klasse)<\/li>\n\n\n\n<li>Geschichte (6. und 7. Klasse)<\/li>\n\n\n\n<li>Italienisch (nur 7. Klasse, nur 8. Klasse <strong>oder<\/strong> 7. und 8. Klasse, wenn PG)<\/li>\n\n\n\n<li>Musik (nur 7. Klasse, wenn PG)<\/li>\n\n\n\n<li>Projektmanagement (6. und 7. Klasse)<\/li>\n\n\n\n<li>Psychologie und Philosophie (nur 7. Kl., nur 8. Kl. <strong>oder<\/strong> 7. und 8. Kl.)<\/li>\n<\/ul>\n<\/li>\n<\/ul>\n","protected":false},"excerpt":{"rendered":"<p>Allgemeine Informationen Wahlpflichtgegenst\u00e4nde (WPG) sind Pflichtgegenst\u00e4nde, die von den Sch\u00fclerinnen und Sch\u00fclern ihren Interessen und Neigungen entsprechend f\u00fcr die 6., 7. und 8. Klasse gew\u00e4hlt werden. Der Unterricht erfolgt klassen\u00fcbergreifend in Kleingruppen. Mindestens f\u00fcnf Sch\u00fclerinnen und Sch\u00fcler der 6. bis 8. Klassen m\u00fcssen sich f\u00fcr dasselbe Wahlpflichtfach entscheiden. Sch\u00fcler\/innen des Gymnasiums w\u00e4hlen WPG im Ausma\u00df [&hellip;]<\/p>\n","protected":false},"author":1,"featured_media":0,"parent":13,"menu_order":0,"comment_status":"closed","ping_status":"closed","template":"","meta":{"footnotes":""},"class_list":["post-197","page","type-page","status-publish","hentry"],"_links":{"self":[{"href":"https:\/\/freudgymnasium.at\/site\/wp-json\/wp\/v2\/pages\/197","targetHints":{"allow":["GET"]}}],"collection":[{"href":"https:\/\/freudgymnasium.at\/site\/wp-json\/wp\/v2\/pages"}],"about":[{"href":"https:\/\/freudgymnasium.at\/site\/wp-json\/wp\/v2\/types\/page"}],"author":[{"embeddable":true,"href":"https:\/\/freudgymnasium.at\/site\/wp-json\/wp\/v2\/users\/1"}],"replies":[{"embeddable":true,"href":"https:\/\/freudgymnasium.at\/site\/wp-json\/wp\/v2\/comments?post=197"}],"version-history":[{"count":0,"href":"https:\/\/freudgymnasium.at\/site\/wp-json\/wp\/v2\/pages\/197\/revisions"}],"up":[{"embeddable":true,"href":"https:\/\/freudgymnasium.at\/site\/wp-json\/wp\/v2\/pages\/13"}],"wp:attachment":[{"href":"https:\/\/freudgymnasium.at\/site\/wp-json\/wp\/v2\/media?parent=197"}],"curies":[{"name":"wp","href":"https:\/\/api.w.org\/{rel}","templated":true}]}}