{"id":195,"date":"2021-08-28T17:20:11","date_gmt":"2021-08-28T15:20:11","guid":{"rendered":"http:\/\/localhost\/f6\/?page_id=195"},"modified":"2023-06-28T09:56:06","modified_gmt":"2023-06-28T07:56:06","slug":"nawi","status":"publish","type":"page","link":"https:\/\/freudgymnasium.at\/site\/unser-angebot\/nawi\/","title":{"rendered":"NAWI"},"content":{"rendered":"\n<p>In der 4. Klasse kommt im Realgymnasium ein neues Fach dazu: das <strong>NAWI-Labor (Naturwissenschaftliches-Labor)<\/strong>. Hierbei haben die Sch\u00fclerinnen und Sch\u00fcler drei Stunden pro Woche einen vertiefenden und praxisorientierten Unterricht in den naturwissenschaftlichen F\u00e4chern Biologie, Chemie und Physik.&nbsp;&nbsp;<\/p>\n\n\n\n<p>Hier lernst du:\u202f\u202f&nbsp;<\/p>\n\n\n\n<ul class=\"wp-block-list\">\n<li>genau zu beobachten und zu beschreiben\u202f\u202f<\/li>\n\n\n\n<li>den Umgang mit verschiedenen Laborger\u00e4ten und Messger\u00e4ten\u202f\u202f&nbsp;<\/li>\n\n\n\n<li>Daten zu erheben, zu vergleichen und \u00fcbersichtlich in Tabellen und Diagrammen darzustellen\u202f&nbsp;<\/li>\n\n\n\n<li>Schlussfolgerungen aus Beobachtungen und Messwerten zu ziehen\u202f\u202f&nbsp;<\/li>\n\n\n\n<li>die sorgf\u00e4ltige Dokumentation von naturwissenschaftlichen Experimenten\u202f&nbsp;<\/li>\n<\/ul>\n\n\n\n<p>Lehrausg\u00e4nge sollen unsere Laboreinheiten noch abrunden. So haben wir in den letzten Jahren immer wieder das Vienna Open Lab, das Chemische Institut der Universit\u00e4t Wien, das Happy Lab, einen Biobauernhof oder aktuelle Mitmachausstellungen besucht. Au\u00dferdem haben wir am Forschungsprojekt Teatime4Schools mitgemacht.&nbsp;&nbsp;<\/p>\n\n\n\n<p>In unseren vielf\u00e4ltigen und abwechslungsreichen Laboreinheiten stellen wir uns zum Beispiel die folgenden Fragen:&nbsp;<\/p>\n\n\n\n<p>Biologie:&nbsp;&nbsp;<\/p>\n\n\n\n<ul class=\"wp-block-list\">\n<li>Wie seziert man einen Fisch? \u202f&nbsp;<\/li>\n\n\n\n<li>Was ben\u00f6tigen Samen zum Keimen? \u202f&nbsp;<\/li>\n\n\n\n<li>Wie extrahiert man DNA aus Obst und Gem\u00fcse? \u202f&nbsp;<\/li>\n\n\n\n<li>Wer kann wem Blut spenden? \u202f&nbsp;<\/li>\n\n\n\n<li>Wie schauen die einzelnen Teile einer Bl\u00fctenpflanze unter dem Mikroskop aus? <\/li>\n\n\n\n<li>Wie erstellt man einen Verhaltenskatalog?&nbsp;<\/li>\n<\/ul>\n\n\n\n<p>Chemie:&nbsp;&nbsp;<\/p>\n\n\n\n<ul class=\"wp-block-list\">\n<li>Aufgrund welcher Eigenschaften kann man Stoffe identifizieren?&nbsp;&nbsp;<\/li>\n\n\n\n<li>Wie bestimmt man praktisch den Zuckergehalt von Getr\u00e4nken?&nbsp;<\/li>\n\n\n\n<li>Wie stellt man einen Farbstoff selbst her?&nbsp;<\/li>\n\n\n\n<li>Was versteht der Chemiker unter edlen und unedlen Metallen?&nbsp;<\/li>\n\n\n\n<li>Wie kann man selbst mit Haushaltsgegenst\u00e4nden eine Batterie bauen?&nbsp;<\/li>\n<\/ul>\n\n\n\n<p>Physik:&nbsp;&nbsp;<\/p>\n\n\n\n<ul class=\"wp-block-list\">\n<li>Wie viel Energie setzte ich bei verschiedenen sportlichen T\u00e4tigkeiten um?&nbsp;&nbsp;<\/li>\n\n\n\n<li>Welcher Papierflieger fliegt im Durchschnitt am weitesten?&nbsp;&nbsp;<\/li>\n\n\n\n<li>Wie wirkt sich die Ver\u00e4nderung verschiedener Faktoren in Stromkreisen aus?&nbsp;<\/li>\n\n\n\n<li>Was ist ein Hebel und wie kann damit Kraft gespart werden?&nbsp;<\/li>\n\n\n\n<li>Wie kann man mit Federn Kr\u00e4fte messen und Massen bestimmen?&nbsp;<\/li>\n<\/ul>\n\n\n\n<h1 class=\"wp-block-heading\">Biologie und Sport<\/h1>\n\n\n\n<p>Erg\u00e4nzend zum Sport- und Biologieunterricht bietet das Wahlpflichtfach Sportbiologie Einblicke in die Zusammenh\u00e4nge zwischen den Themen Bewegung, Sport, Training und Gesundheit. Ein Wechsel aus Theorieunterricht und sportlichen Aktivit\u00e4ten unterst\u00fctzt und f\u00f6rdert das Lernen.&nbsp;&nbsp;<\/p>\n","protected":false},"excerpt":{"rendered":"<p>In der 4. Klasse kommt im Realgymnasium ein neues Fach dazu: das NAWI-Labor (Naturwissenschaftliches-Labor). Hierbei haben die Sch\u00fclerinnen und Sch\u00fcler drei Stunden pro Woche einen vertiefenden und praxisorientierten Unterricht in den naturwissenschaftlichen F\u00e4chern Biologie, Chemie und Physik.&nbsp;&nbsp; Hier lernst du:\u202f\u202f&nbsp; Lehrausg\u00e4nge sollen unsere Laboreinheiten noch abrunden. So haben wir in den letzten Jahren immer wieder [&hellip;]<\/p>\n","protected":false},"author":1,"featured_media":0,"parent":13,"menu_order":0,"comment_status":"closed","ping_status":"closed","template":"","meta":{"footnotes":""},"class_list":["post-195","page","type-page","status-publish","hentry"],"_links":{"self":[{"href":"https:\/\/freudgymnasium.at\/site\/wp-json\/wp\/v2\/pages\/195","targetHints":{"allow":["GET"]}}],"collection":[{"href":"https:\/\/freudgymnasium.at\/site\/wp-json\/wp\/v2\/pages"}],"about":[{"href":"https:\/\/freudgymnasium.at\/site\/wp-json\/wp\/v2\/types\/page"}],"author":[{"embeddable":true,"href":"https:\/\/freudgymnasium.at\/site\/wp-json\/wp\/v2\/users\/1"}],"replies":[{"embeddable":true,"href":"https:\/\/freudgymnasium.at\/site\/wp-json\/wp\/v2\/comments?post=195"}],"version-history":[{"count":2,"href":"https:\/\/freudgymnasium.at\/site\/wp-json\/wp\/v2\/pages\/195\/revisions"}],"predecessor-version":[{"id":2311,"href":"https:\/\/freudgymnasium.at\/site\/wp-json\/wp\/v2\/pages\/195\/revisions\/2311"}],"up":[{"embeddable":true,"href":"https:\/\/freudgymnasium.at\/site\/wp-json\/wp\/v2\/pages\/13"}],"wp:attachment":[{"href":"https:\/\/freudgymnasium.at\/site\/wp-json\/wp\/v2\/media?parent=195"}],"curies":[{"name":"wp","href":"https:\/\/api.w.org\/{rel}","templated":true}]}}