{"id":185,"date":"2021-08-28T17:15:50","date_gmt":"2021-08-28T15:15:50","guid":{"rendered":"http:\/\/localhost\/f6\/?page_id=185"},"modified":"2023-04-05T08:18:32","modified_gmt":"2023-04-05T08:18:32","slug":"geschichte","status":"publish","type":"page","link":"https:\/\/freudgymnasium.at\/site\/schulinformation\/geschichte\/","title":{"rendered":"Geschichte"},"content":{"rendered":"\n<p>Die Geschichte unserer heute multiethnisch und multireligi\u00f6s gepr\u00e4gten Schule&nbsp;ist&nbsp;eng mit dem Schicksal der j\u00fcdischen Gemeinde Wiens verbunden.<\/p>\n\n\n\n<p>Einen ausf\u00fchrlichen Bericht&nbsp;\u00fcber die Geschichte des Sigmund-Freud-Gymnasiums finden Sie&nbsp;<a href=\"https:\/\/sfg-my.sharepoint.com\/personal\/homepage_freudgymnasium_at\/_layouts\/15\/guestaccess.aspx?guestaccesstoken=Vwf9Wt9Yg%2bmb565BbVSUW3l90XsZSqHxpjL2yx3g57U%3d&amp;docid=0b719ae897e414e27a3dc5d5338e0e10b\" target=\"_blank\" rel=\"noreferrer noopener\">hier<\/a>.<\/p>\n\n\n\n<h2 class=\"wp-block-heading\" id=\"sigmund-freuds-maturaprotokoll\">Sigmund Freuds Maturaprotokoll<\/h2>\n\n\n\n<p>&#8220;Maturit\u00e4ts-Pr\u00fcfung&#8221; am Leopoldst\u00e4dter Communal-Real- und Obergymnasium&nbsp;im Juli 1873: &#8220;Reife zur Universit\u00e4t: mit Auszeichnung&#8221;<\/p>\n\n\n\n<figure class=\"wp-block-image size-large\"><img loading=\"lazy\" decoding=\"async\" width=\"1024\" height=\"768\" src=\"https:\/\/freudgymnasium.at\/site\/wp-content\/uploads\/2023\/04\/FreudMaturaprotokoll-1024x768.jpg\" alt=\"\" class=\"wp-image-1847\" srcset=\"https:\/\/freudgymnasium.at\/site\/wp-content\/uploads\/2023\/04\/FreudMaturaprotokoll-1024x768.jpg 1024w, https:\/\/freudgymnasium.at\/site\/wp-content\/uploads\/2023\/04\/FreudMaturaprotokoll-300x225.jpg 300w, https:\/\/freudgymnasium.at\/site\/wp-content\/uploads\/2023\/04\/FreudMaturaprotokoll-768x576.jpg 768w, https:\/\/freudgymnasium.at\/site\/wp-content\/uploads\/2023\/04\/FreudMaturaprotokoll-1536x1152.jpg 1536w, https:\/\/freudgymnasium.at\/site\/wp-content\/uploads\/2023\/04\/FreudMaturaprotokoll.jpg 1600w\" sizes=\"auto, (max-width: 1024px) 100vw, 1024px\" \/><figcaption class=\"wp-element-caption\">&#8220;Maturit\u00e4ts-Pr\u00fcfung&#8221; am Leopoldst\u00e4dter Communal-Real- und Obergymnasium<\/figcaption><\/figure>\n","protected":false},"excerpt":{"rendered":"<p>Die Geschichte unserer heute multiethnisch und multireligi\u00f6s gepr\u00e4gten Schule&nbsp;ist&nbsp;eng mit dem Schicksal der j\u00fcdischen Gemeinde Wiens verbunden. Einen ausf\u00fchrlichen Bericht&nbsp;\u00fcber die Geschichte des Sigmund-Freud-Gymnasiums finden Sie&nbsp;hier. Sigmund Freuds Maturaprotokoll &#8220;Maturit\u00e4ts-Pr\u00fcfung&#8221; am Leopoldst\u00e4dter Communal-Real- und Obergymnasium&nbsp;im Juli 1873: &#8220;Reife zur Universit\u00e4t: mit Auszeichnung&#8221;<\/p>\n","protected":false},"author":1,"featured_media":0,"parent":10,"menu_order":0,"comment_status":"closed","ping_status":"closed","template":"","meta":{"footnotes":""},"class_list":["post-185","page","type-page","status-publish","hentry"],"_links":{"self":[{"href":"https:\/\/freudgymnasium.at\/site\/wp-json\/wp\/v2\/pages\/185","targetHints":{"allow":["GET"]}}],"collection":[{"href":"https:\/\/freudgymnasium.at\/site\/wp-json\/wp\/v2\/pages"}],"about":[{"href":"https:\/\/freudgymnasium.at\/site\/wp-json\/wp\/v2\/types\/page"}],"author":[{"embeddable":true,"href":"https:\/\/freudgymnasium.at\/site\/wp-json\/wp\/v2\/users\/1"}],"replies":[{"embeddable":true,"href":"https:\/\/freudgymnasium.at\/site\/wp-json\/wp\/v2\/comments?post=185"}],"version-history":[{"count":1,"href":"https:\/\/freudgymnasium.at\/site\/wp-json\/wp\/v2\/pages\/185\/revisions"}],"predecessor-version":[{"id":1848,"href":"https:\/\/freudgymnasium.at\/site\/wp-json\/wp\/v2\/pages\/185\/revisions\/1848"}],"up":[{"embeddable":true,"href":"https:\/\/freudgymnasium.at\/site\/wp-json\/wp\/v2\/pages\/10"}],"wp:attachment":[{"href":"https:\/\/freudgymnasium.at\/site\/wp-json\/wp\/v2\/media?parent=185"}],"curies":[{"name":"wp","href":"https:\/\/api.w.org\/{rel}","templated":true}]}}