{"id":109,"date":"2021-04-04T18:10:13","date_gmt":"2021-04-04T16:10:13","guid":{"rendered":"http:\/\/localhost\/wp2\/?page_id=109"},"modified":"2023-06-28T09:56:56","modified_gmt":"2023-06-28T07:56:56","slug":"dlp","status":"publish","type":"page","link":"https:\/\/freudgymnasium.at\/site\/unser-angebot\/dlp\/","title":{"rendered":"Dual Language Programme"},"content":{"rendered":"\n<p>Seit dem Schuljahr 2006\/07 ist das <strong>Dual Language Programme (DLP)<\/strong> ein Projekt der Bildungsdirektion f\u00fcr Wien.<\/p>\n\n\n\n<p>Schwerpunkte:<\/p>\n\n\n\n<ul class=\"wp-block-list\">\n<li>Unterst\u00fctzung von Englisch Native Speaker Teachers (NSTs)<\/li>\n\n\n\n<li>Content and Language Integrated Learning (CLIL)<\/li>\n\n\n\n<li>Von der ersten Klasse der Grundstufe in verschiedenen Schulformen sowie in verschiedenen Unterrichtsgegenst\u00e4nden (Grundstufe, Sekundarstufen I &amp; II und Polytechnische Schulen)<\/li>\n<\/ul>\n\n\n\n<h1 class=\"wp-block-heading\">DLP &#8211; Dual Language Programme: Was man darunter versteht<\/h1>\n\n\n\n<p>Seit dem Schuljahr&nbsp;<strong>2010\/2011&nbsp;<\/strong>wird an unserer Schule jeweils eine 1. Klasse aufsteigend als DLP-Schwerpunktklasse gef\u00fchrt. DLP bedeutet, dass in dieser Klasse Englisch als Arbeitssprache in einer projektorientierten, f\u00e4cher\u00fcbergreifenden Unterrichtsform angeboten wird.<\/p>\n\n\n\n<p>In diesen Unterrichtseinheiten wird der jeweiligen Fachlehrkraft ein Native Speaker Teacher zur Seite gestellt, der f\u00fcr die englische Sprache zust\u00e4ndig ist. Die genaue Projektplanung obliegt dem Lehrer\/innenteam.<\/p>\n\n\n\n<p>Sowohl in Englisch als auch in den von DLP betroffenen Gegenst\u00e4nden gilt der normale Lehrplan, es gibt keine zus\u00e4tzlichen Lernziele. Die h\u00f6here Sprachkompetenz entsteht ohne zus\u00e4tzliche Pr\u00fcfungen. Englisch wird vermehrt, schwerpunktm\u00e4\u00dfig und zielorientiert in einem begrenzten Zeitrahmen eingesetzt.<\/p>\n\n\n\n<h1 class=\"wp-block-heading\">An welche Sch\u00fcler\/innen richtet sich DLP?<\/h1>\n\n\n\n<p>DLP richtet sich an jene Sch\u00fcler\/innen, die bereits in der Volksschule eine muttersprachliche Englischlehrerin\/einen muttersprachlichen Englischlehrer (<strong>Native Speaker Teacher<\/strong>) gehabt haben, die wegen ihrer&nbsp;<strong>Herkunft<\/strong>&nbsp;schon (einfaches) Englisch im Alltag verwenden oder die ein&nbsp;<strong>\u00fcberdurchschnittliches sprachliches Talent<\/strong>&nbsp;zeigen. Die Sch\u00fcler\/innen sollen Neugierde, Aufgeschlossenheit, soziale Kompetenzen sowie Kommunikationsbereitschaft mitbringen.<\/p>\n\n\n\n<h1 class=\"wp-block-heading\">Was DLP nicht ist:<\/h1>\n\n\n\n<p>DLP bedeutet nicht bilingualer (zweisprachiger) Unterricht. <\/p>\n\n\n\n<h1 class=\"wp-block-heading\">Wie erfolgt die Aufnahme in eine DLP-Klasse?<\/h1>\n\n\n\n<p>Die Aufnahme in eine DLP-Klasse erfolgt nach einem&nbsp;<strong>Orientierungsgespr\u00e4ch<\/strong>, das im J\u00e4nner stattfindet, im Zuge der \u00fcblichen Anmelde- und Aufnahmeabwicklung durch die Direktion. Selbstverst\u00e4ndlich m\u00fcssen auch alle erforderlichen Aufnahmekriterien erf\u00fcllt sein.<\/p>\n\n\n\n<h2 class=\"wp-block-heading\">Ablauf eines Orientierungsgespr\u00e4chs:<\/h2>\n\n\n\n<ul class=\"wp-block-list\">\n<li><strong>Ein\/e Kandidat\/in, ein\/e Englischlehrer\/in, Direktorin<\/strong><\/li>\n\n\n\n<li>Dauer: ca.&nbsp;<strong>10-15 Minuten<\/strong><\/li>\n\n\n\n<li><strong>Warming-Up-Phase<\/strong>: Fragen nach dem Namen, Hobbys, Familie, Schule etc.<\/li>\n\n\n\n<li><strong>Bildkarte:&nbsp;<\/strong>Sch\u00fcler\/innen sprechen \u00fcber ein bis zwei Bilder und beantworten Fragen dazu.<\/li>\n<\/ul>\n\n\n\n<h1 class=\"wp-block-heading\">Anmeldung:<\/h1>\n\n\n\n<p><strong>Information auf der Homepage<\/strong>:&nbsp;<a href=\"http:\/\/www.freudgymnasium.at\/\">www.freudgymnasium.at<\/a><\/p>\n\n\n\n<p>Die<strong>&nbsp;telefonische Anmeldung&nbsp;<\/strong>zu einem Orientierungsgespr\u00e4ch an der Schule findet jeweils Anfang J\u00e4nner statt, genaue Termine entnehmen Sie unserer Homepage.<\/p>\n\n\n\n<p><strong>Orientierungsgespr\u00e4che:&nbsp;<\/strong>Mitte J\u00e4nner<\/p>\n\n\n\n<p><strong>Anmeldegespr\u00e4che:&nbsp;<\/strong>Donnerstag und Freitag nach den Semesterferien<\/p>\n\n\n\n<p><strong>Vorl\u00e4ufige Zusage und weiteres Vorgehen<\/strong>: Leider k\u00f6nnen nur 25 Kinder in die DLP-Klasse aufgenommen werden, weshalb die Ergebnisse der Orientierungsgespr\u00e4che f\u00fcr die Reihung ausschlaggebend sind. Die Zusage eines Platzes in der DLP-Klasse erfolgt nach der Anmeldung im Februar<strong>, sofern auch alle anderen Aufnahmekriterien erf\u00fcllt sind.<\/strong><\/p>\n\n\n\n<p><strong>Die endg\u00fcltige Aufnahme erfolgt erst nach Abgabe der&nbsp;<\/strong><strong>Eignungserkl\u00e4rung<\/strong>&nbsp;der Volksschule (\u201eAHS-Reife\u201c) Ende Juni.&nbsp;<strong>Erst damit wird aus der vorl\u00e4ufigen eine endg\u00fcltige Aufnahme!<\/strong><\/p>\n\n\n\n<p>Sollte Ihr Kind nicht unter die ersten f\u00fcnfundzwanzig fallen, betrachten Sie das bitte nicht als Misserfolg Ihres Kindes, sondern begr\u00fcnden Sie es in den entsprechenden Voraussetzungen (z.B. bilinguale Volksschule oder mehrsprachiges Elternhaus) der anderen Kinder f\u00fcr diese Klasse.<\/p>\n\n\n\n<p>Wir nehmen Ihr Kind nach M\u00f6glichkeit gerne in einer der anderen 1. Klassen an unserer Schule auf, wo es auch sehr gut Englisch lernen wird.<\/p>\n\n\n\n<p><a href=\"https:\/\/sfg-my.sharepoint.com\/:b:\/g\/personal\/homepage_freudgymnasium_at\/ERgHstRTySZGmitHaW-RvlkBM1204u4PA-Q_NRlWa9MnGw?e=GdrfK7\" target=\"_blank\" rel=\"noreferrer noopener\">Hier<\/a>&nbsp;finden Sie&nbsp;das&nbsp;<a href=\"https:\/\/sfg-my.sharepoint.com\/:b:\/g\/personal\/homepage_freudgymnasium_at\/ERgHstRTySZGmitHaW-RvlkBM1204u4PA-Q_NRlWa9MnGw?e=GdrfK7\" target=\"_blank\" rel=\"noreferrer noopener\">Infoblatt zum Dual-Language Programme<\/a>&nbsp;im PDF-Format.<\/p>\n","protected":false},"excerpt":{"rendered":"<p>Seit dem Schuljahr 2006\/07 ist das Dual Language Programme (DLP) ein Projekt der Bildungsdirektion f\u00fcr Wien. Schwerpunkte: DLP &#8211; Dual Language Programme: Was man darunter versteht Seit dem Schuljahr&nbsp;2010\/2011&nbsp;wird an unserer Schule jeweils eine 1. Klasse aufsteigend als DLP-Schwerpunktklasse gef\u00fchrt. DLP bedeutet, dass in dieser Klasse Englisch als Arbeitssprache in einer projektorientierten, f\u00e4cher\u00fcbergreifenden Unterrichtsform angeboten [&hellip;]<\/p>\n","protected":false},"author":1,"featured_media":0,"parent":13,"menu_order":0,"comment_status":"closed","ping_status":"closed","template":"","meta":{"footnotes":""},"class_list":["post-109","page","type-page","status-publish","hentry"],"_links":{"self":[{"href":"https:\/\/freudgymnasium.at\/site\/wp-json\/wp\/v2\/pages\/109","targetHints":{"allow":["GET"]}}],"collection":[{"href":"https:\/\/freudgymnasium.at\/site\/wp-json\/wp\/v2\/pages"}],"about":[{"href":"https:\/\/freudgymnasium.at\/site\/wp-json\/wp\/v2\/types\/page"}],"author":[{"embeddable":true,"href":"https:\/\/freudgymnasium.at\/site\/wp-json\/wp\/v2\/users\/1"}],"replies":[{"embeddable":true,"href":"https:\/\/freudgymnasium.at\/site\/wp-json\/wp\/v2\/comments?post=109"}],"version-history":[{"count":3,"href":"https:\/\/freudgymnasium.at\/site\/wp-json\/wp\/v2\/pages\/109\/revisions"}],"predecessor-version":[{"id":2312,"href":"https:\/\/freudgymnasium.at\/site\/wp-json\/wp\/v2\/pages\/109\/revisions\/2312"}],"up":[{"embeddable":true,"href":"https:\/\/freudgymnasium.at\/site\/wp-json\/wp\/v2\/pages\/13"}],"wp:attachment":[{"href":"https:\/\/freudgymnasium.at\/site\/wp-json\/wp\/v2\/media?parent=109"}],"curies":[{"name":"wp","href":"https:\/\/api.w.org\/{rel}","templated":true}]}}